{"id":9041,"date":"2024-05-10T11:03:40","date_gmt":"2024-05-10T17:03:40","guid":{"rendered":"https:\/\/fineart4decor.com\/?post_type=product&#038;p=9041"},"modified":"2024-07-03T04:26:05","modified_gmt":"2024-07-03T10:26:05","slug":"recycled-polyester-unisex-pullover-hoodie-econscious-ec5500","status":"publish","type":"product","link":"https:\/\/fineart4decor.com\/%product-slug%\/recycled-polyester-unisex-pullover-hoodie-econscious-ec5500\/","title":{"rendered":"Sudadera con capucha unisex de poli\u00e9ster reciclado | Ecoconsciente EC5500"},"content":{"rendered":"<div class=\"column sixteen wide\">\n<div class=\"ui segment box-shadow-new\">\n<div class=\"segment-header\">\n<div class=\"main-content ng-star-inserted\">\n<div class=\"texts\">\n<h3 class=\"ng-star-inserted\">Descripci\u00f3n<\/h3>\n<\/div>\n<\/div>\n<div class=\"segment-header-content\">La sudadera con capucha es una opci\u00f3n ecol\u00f3gica, que enfatiza la sostenibilidad y la comodidad en su dise\u00f1o.<\/div>\n<\/div>\n<div class=\"product-description\">\n<ul>\n<li>Confeccionado en un 80% de algod\u00f3n cultivado org\u00e1nicamente y un 20% de poli\u00e9ster reciclado.<\/li>\n<li>Un c\u00f3modo 9 oz. densidad adecuada para varios entornos.<\/li>\n<li>Cuenta con costuras cosidas con cubierta de doble aguja para mayor durabilidad.<\/li>\n<li>La capucha est\u00e1 forrada con un jersey de algod\u00f3n cultivado org\u00e1nicamente, lo que mejora la comodidad.<\/li>\n<li>Se alinea con los esfuerzos de conservaci\u00f3n ambiental a trav\u00e9s del uso sostenible de materiales.<\/li>\n<\/ul>\n<\/div>\n<div class=\"ui divider ng-star-inserted\">&nbsp;<\/div>\n<div class=\"product-uid-container ng-star-inserted\">\n<div class=\"product-uid-title\"><span data-lokalise=\"\" data-key=\"txt_product_uid\">Uid del producto<\/span><img decoding=\"async\" class=\"copy-icon\" title=\"Copy UID\" src=\"https:\/\/dashboard.gelato.com\/assets\/icons\/copy.svg\" alt=\"\" width=\"16\" height=\"16\"><\/div>\n<div class=\"product-uid-content\">apparel_product_gca_hoodie_gsc_pullover_gcu_unisex_gqa_organic_gsi_s_gco_charcoal_gpr_4-0_econsciente_ec5500<\/div>\n<div>\n<div class=\"segment-header\">\n<div class=\"main-content ng-star-inserted\">\n<div class=\"texts\">\n<h3>&nbsp;<\/h3>\n<h3 class=\"ng-star-inserted\">Gu\u00eda de tallas<\/h3>\n<\/div>\n<\/div>\n<div class=\"segment-header-content\">&nbsp;<\/div>\n<\/div>\n<div class=\"size-guide\">\n<div class=\"size-guide-content\">\n<div class=\"size-guide-image ng-star-inserted\"><img decoding=\"async\" class=\"ui large image\" src=\"https:\/\/cdn.sanity.io\/images\/69l8b8xl\/production\/bc649729e3264ff727ba93eb0595ee48d8a4379d-416x502.png\" alt=\"\" width=\"182\" height=\"220\" title=\"\"><\/div>\n<div class=\"size-guide-description ng-star-inserted\">\n<p><strong>A) Lungime<\/strong><\/p>\n<p>Coloque el extremo de una cinta m\u00e9trica al lado del cuello en la parte superior de la sudadera con capucha (hombro de punto alto). Lleva la cinta a la parte inferior de la sudadera con capucha.<\/p>\n<p><strong>B) Medio pecho<\/strong><\/p>\n<p>Coloque la prenda sobre una superficie plana y mida de izquierda a derecha a lo largo del pecho, unos 2 cm por debajo de los brazos.<\/p>\n<p><strong>C) Longitud de la manga<\/strong><\/p>\n<p>Coloque el extremo de una cinta m\u00e9trica en el centro de la parte posterior del collar, luego tire de la cinta a lo largo de la costura superior de la manga. Cuando llegue al hombro, sostenga la cinta en su lugar en el hombro y contin\u00fae tirando de la manga hacia abajo hasta llegar al dobladillo de la manga.<\/p>\n<p>Las medidas las proporcionan los proveedores y las prendas pueden ser m\u00e1s peque\u00f1as o m\u00e1s grandes con una diferencia de +\/- 2,5 cm (1 pulgada)<\/p>\n<\/div>\n<\/div>\n<div class=\"tab-links-container ng-star-inserted\">\n<div>\n<div class=\"tab-links-container ng-star-inserted\">\n<div class=\"tab-link active ng-star-inserted\">Imperial (pulgadas)<\/div>\n<\/div>\n<table class=\"ui basic unstackable table ng-star-inserted\">\n<tbody>\n<tr class=\"ng-star-inserted\">\n<td class=\"right aligned bold sticky-column ng-star-inserted\">&nbsp;<\/td>\n<td class=\"right aligned bold ng-star-inserted\">S<\/td>\n<td class=\"right aligned bold ng-star-inserted\">M<\/td>\n<td class=\"right aligned bold ng-star-inserted\">L<\/td>\n<td class=\"right aligned bold ng-star-inserted\">XL<\/td>\n<td class=\"right aligned bold ng-star-inserted\">2XL<\/td>\n<\/tr>\n<tr class=\"ng-star-inserted\">\n<td class=\"bold sticky-column ng-star-inserted\">A) Lungime<\/td>\n<td class=\"right aligned ng-star-inserted\">27&#8221;<\/td>\n<td class=\"right aligned ng-star-inserted\">28&#8221;<\/td>\n<td class=\"right aligned ng-star-inserted\">29&#8221;<\/td>\n<td class=\"right aligned ng-star-inserted\">30&#8221;<\/td>\n<td class=\"right aligned ng-star-inserted\">31&#8221;<\/td>\n<\/tr>\n<tr class=\"ng-star-inserted\">\n<td class=\"bold sticky-column ng-star-inserted\">B) Medio pecho<\/td>\n<td class=\"right aligned ng-star-inserted\">20&#8221;<\/td>\n<td class=\"right aligned ng-star-inserted\">22&#8221;<\/td>\n<td class=\"right aligned ng-star-inserted\">24&#8221;<\/td>\n<td class=\"right aligned ng-star-inserted\">25,5&#8221;<\/td>\n<td class=\"right aligned ng-star-inserted\">27&#8221;<\/td>\n<\/tr>\n<tr class=\"ng-star-inserted\">\n<td class=\"bold sticky-column ng-star-inserted\">C) Lungimea manghei<\/td>\n<td class=\"right aligned ng-star-inserted\">24&#8221;<\/td>\n<td class=\"right aligned ng-star-inserted\">24,5&#8221;<\/td>\n<td class=\"right aligned ng-star-inserted\">24,5&#8221;<\/td>\n<td class=\"right aligned ng-star-inserted\">25,5&#8221;<\/td>\n<td class=\"right aligned ng-star-inserted\">25,5&#8221;<\/td>\n<\/tr>\n<\/tbody>\n<\/table>\n<\/div>\n<div class=\"tab-link active ng-star-inserted\">&nbsp;<\/div>\n<div class=\"tab-link ng-star-inserted\">M\u00e9trica (cm)<\/div>\n<\/div>\n<table class=\"ui basic unstackable table ng-star-inserted\">\n<tbody>\n<tr class=\"ng-star-inserted\">\n<td class=\"right aligned bold sticky-column ng-star-inserted\">&nbsp;<\/td>\n<td class=\"right aligned bold ng-star-inserted\">S<\/td>\n<td class=\"right aligned bold ng-star-inserted\">M<\/td>\n<td class=\"right aligned bold ng-star-inserted\">L<\/td>\n<td class=\"right aligned bold ng-star-inserted\">XL<\/td>\n<td class=\"right aligned bold ng-star-inserted\">2XL<\/td>\n<\/tr>\n<tr class=\"ng-star-inserted\">\n<td class=\"bold sticky-column ng-star-inserted\">A) Lungime<\/td>\n<td class=\"right aligned ng-star-inserted\">68,6 cm<\/td>\n<td class=\"right aligned ng-star-inserted\">71,1 cm<\/td>\n<td class=\"right aligned ng-star-inserted\">73,7 cm<\/td>\n<td class=\"right aligned ng-star-inserted\">76,2 cm<\/td>\n<td class=\"right aligned ng-star-inserted\">78,7 cm<\/td>\n<\/tr>\n<tr class=\"ng-star-inserted\">\n<td class=\"bold sticky-column ng-star-inserted\">B) Medio pecho<\/td>\n<td class=\"right aligned ng-star-inserted\">50,8 cm<\/td>\n<td class=\"right aligned ng-star-inserted\">55,9 cm<\/td>\n<td class=\"right aligned ng-star-inserted\">61 cm<\/td>\n<td class=\"right aligned ng-star-inserted\">64,8 cm<\/td>\n<td class=\"right aligned ng-star-inserted\">68,6 cm<\/td>\n<\/tr>\n<tr class=\"ng-star-inserted\">\n<td class=\"bold sticky-column ng-star-inserted\">C) Lungimea manghei<\/td>\n<td class=\"right aligned ng-star-inserted\">61 cm<\/td>\n<td class=\"right aligned ng-star-inserted\">62,2 cm<\/td>\n<td class=\"right aligned ng-star-inserted\">62,2 cm<\/td>\n<td class=\"right aligned ng-star-inserted\">64,8 cm<\/td>\n<td class=\"right aligned ng-star-inserted\">64,8 cm<\/td>\n<\/tr>\n<\/tbody>\n<\/table>\n<\/div>\n<\/div>\n<\/div>\n<\/div>\n<\/div>\n<div class=\"container\">\n<div class=\"ui segment box-shadow-new ng-star-inserted\">\n<div class=\"segment-header\">\n<div class=\"main-content ng-star-inserted\">\n<div class=\"texts\">\n<h3 class=\"ng-star-inserted\">Caracter\u00edsticas especiales<\/h3>\n<\/div>\n<\/div>\n<div class=\"segment-header-content\">Dise\u00f1ado tanto para el estilo como para la sostenibilidad, es una declaraci\u00f3n de manera ecol\u00f3gica.<\/div>\n<\/div>\n<\/div>\n<div class=\"ui segment box-shadow-new ng-star-inserted\">\n<div class=\"segment-header\">\n<div class=\"main-content ng-star-inserted\">\n<div class=\"texts\">\n<h3 class=\"ng-star-inserted\">Estilo y ajuste<\/h3>\n<\/div>\n<\/div>\n<div class=\"segment-header-content\">La sudadera con capucha ofrece un ajuste moderno, integr\u00e1ndose perfectamente en ropa informal o activa.<\/div>\n<div>&nbsp;<\/div>\n<\/div>\n<\/div>\n<div class=\"ui segment box-shadow-new full-width ng-star-inserted\">\n<div class=\"segment-header\">\n<div class=\"main-content ng-star-inserted\">\n<div class=\"texts\">\n<h3 class=\"ng-star-inserted\">Instrucciones de cuidado<\/h3>\n<\/div>\n<\/div>\n<\/div>\n<ul class=\"instructions-list\">\n<li class=\"ng-star-inserted\">\n<div class=\"wrapper\">\n<div class=\"instruction-icon\"><img decoding=\"async\" src=\"https:\/\/cdn.sanity.io\/images\/69l8b8xl\/staging\/65826997d2916501818323171184f32c62aae4f9-64x62.png\" alt=\"General\" title=\"\"><\/div>\n<div class=\"instruction-description-row\">\n<div class=\"instruction-title\">General<\/div>\n<div class=\"instruction-description\">Una opci\u00f3n vers\u00e1til y ecol\u00f3gica para quienes buscan hacer una declaraci\u00f3n de moda sostenible.<\/div>\n<\/div>\n<\/div>\n<\/li>\n<li class=\"ng-star-inserted\">\n<div class=\"wrapper\">\n<div class=\"instruction-icon\"><img decoding=\"async\" src=\"https:\/\/cdn.sanity.io\/images\/69l8b8xl\/staging\/acc246a766fcbd7d5ec2f24368aec0dc04552fb4-64x64.png\" alt=\"Wash\" title=\"\"><\/div>\n<div class=\"instruction-description-row\">\n<div class=\"instruction-title\">Lavar<\/div>\n<div class=\"instruction-description\">Aconsejable lavar con cuidado, priorizando detergentes ecol\u00f3gicos para mantener su calidad y sostenibilidad.<\/div>\n<\/div>\n<\/div>\n<\/li>\n<li class=\"ng-star-inserted\">\n<div class=\"wrapper\">\n<div class=\"instruction-icon\"><img decoding=\"async\" src=\"https:\/\/cdn.sanity.io\/images\/69l8b8xl\/staging\/dbb225e7d85f4d7fd8fc3f3ae2a4ed0eb3418423-64x64.png\" alt=\"Dry\" title=\"\"><\/div>\n<div class=\"instruction-description-row\">\n<div class=\"instruction-title\">Seco<\/div>\n<div class=\"instruction-description\">Preferiblemente secar al aire para conservar la integridad del tejido y minimizar el impacto ambiental.<\/div>\n<\/div>\n<\/div>\n<\/li>\n<li class=\"ng-star-inserted\">\n<div class=\"wrapper\">\n<div class=\"instruction-icon\"><img decoding=\"async\" src=\"https:\/\/cdn.sanity.io\/images\/69l8b8xl\/staging\/6b9d3ebab6cad57515426103d28e1e36af79d69a-64x64.png\" alt=\"Store\" title=\"\"><\/div>\n<div class=\"instruction-description-row\">\n<div class=\"instruction-title\">Tienda<\/div>\n<div class=\"instruction-description\">Gu\u00e1rdelo en un lugar fresco y seco, alejado de la luz solar directa para preservar la tela y el color.<\/div>\n<\/div>\n<\/div>\n<\/li>\n<\/ul>\n<\/div>\n<\/div>\n<div id=\"shipment-prices\" class=\"column sixteen wide ng-star-inserted flat-shipment-prices\">\n<div class=\"ui segment box-shadow-new\">\n<div class=\"regional-pricing-header\">&nbsp;<\/div>\n<div class=\"regional-pricing-body\">&nbsp;<\/div>\n<\/div>\n<h3 class=\"shipping-prompt\">Producci\u00f3n<\/h3>\n<\/div>\n<div class=\"column sixteen wide ng-star-inserted\">\n<div class=\"ui segment box-shadow-new\">\n<div class=\"segment-header\">\n<div class=\"segment-header-content\"><b>Producido en 1 pa\u00eds<\/b><\/div>\n<\/div>\n<div class=\"ui stackable grid\">\n<div class=\"eight wide column fulfilment-details\">\n<div class=\"fulfilment-description\">Estados Unidos.<\/p>\n<p><b>Desarrollado por algoritmo<\/b>&nbsp;Nuestro algoritmo de enrutamiento avanzado selecciona cuidadosamente el pa\u00eds de cumplimiento para cada pedido al momento de realizar el pedido.<\/p>\n<p>En la mayor\u00eda de los casos, los productos se entregan en el centro de producci\u00f3n m\u00e1s cercano. A veces, debido a razones como la disponibilidad de existencias, los pedidos pueden enviarse internacionalmente incluso si existe un centro log\u00edstico dentro del mismo pa\u00eds.<\/p><\/div>\n<\/div>\n<\/div>\n<\/div>\n<\/div>\n<div class=\"column sixteen wide ng-star-inserted\">\n<div id=\"sizeGuide\" class=\"ui segment box-shadow-new\">\n<div class=\"segment-header\">\n<div class=\"main-content ng-star-inserted\">\n<div class=\"texts\">&nbsp;<\/div>\n<\/div>\n<\/div>\n<div class=\"size-guide\">&nbsp;<\/div>\n<\/div>\n<\/div>\n<ul>\n<\/ul>\n","protected":false},"excerpt":{"rendered":"<p>Descripci\u00f3n La sudadera con capucha es una opci\u00f3n ecol\u00f3gica, que enfatiza la sostenibilidad y la comodidad en su dise\u00f1o. Confeccionado en un 80% de algod\u00f3n cultivado org\u00e1nicamente y un 20% de poli\u00e9ster reciclado. Un c\u00f3modo 9 oz. densidad adecuada para varios entornos. Cuenta con costuras cosidas con cubierta de doble aguja para mayor durabilidad. La [&hellip;]<\/p>\n","protected":false},"featured_media":16471,"comment_status":"open","ping_status":"closed","template":"","meta":[],"product_cat":[232,256,278],"product_tag":[],"_links":{"self":[{"href":"https:\/\/fineart4decor.com\/wp-json\/wp\/v2\/product\/9041"}],"collection":[{"href":"https:\/\/fineart4decor.com\/wp-json\/wp\/v2\/product"}],"about":[{"href":"https:\/\/fineart4decor.com\/wp-json\/wp\/v2\/types\/product"}],"replies":[{"embeddable":true,"href":"https:\/\/fineart4decor.com\/wp-json\/wp\/v2\/comments?post=9041"}],"wp:featuredmedia":[{"embeddable":true,"href":"https:\/\/fineart4decor.com\/wp-json\/wp\/v2\/media\/16471"}],"wp:attachment":[{"href":"https:\/\/fineart4decor.com\/wp-json\/wp\/v2\/media?parent=9041"}],"wp:term":[{"taxonomy":"product_cat","embeddable":true,"href":"https:\/\/fineart4decor.com\/wp-json\/wp\/v2\/product_cat?post=9041"},{"taxonomy":"product_tag","embeddable":true,"href":"https:\/\/fineart4decor.com\/wp-json\/wp\/v2\/product_tag?post=9041"}],"curies":[{"name":"wp","href":"https:\/\/api.w.org\/{rel}","templated":true}]}}