{"id":14206,"date":"2024-05-12T05:29:55","date_gmt":"2024-05-12T11:29:55","guid":{"rendered":"https:\/\/fineart4decor.com\/?post_type=product&#038;p=14206"},"modified":"2024-07-04T06:52:15","modified_gmt":"2024-07-04T12:52:15","slug":"premium-tote-bag","status":"publish","type":"product","link":"https:\/\/fineart4decor.com\/%product-slug%\/premium-tote-bag\/","title":{"rendered":"Bolso tote premium"},"content":{"rendered":"<div>\n<p>Cubra todas sus necesidades de agarre y arranque con estas bolsas de mano premium de mango largo y al mismo tiempo tenga conciencia ecol\u00f3gica. Estas bolsas de mano premium cuentan con costuras reforzadas en las asas para mayor estabilidad. Tus dise\u00f1os \u00fanicos se destacar\u00e1n en estos bolsos tote de tela 100% algod\u00f3n. Cualquier blanco en su dise\u00f1o ser\u00e1 tratado como transparente en el proceso de impresi\u00f3n de las bolsas de mano de color natural. Tenga esto en cuenta para garantizar resultados \u00f3ptimos<\/p>\n<p>&#8211; Costuras reforzadas en mangos<br \/>\n<br \/>&#8211; Gran \u00e1rea imprimible para la parte delantera y trasera<br \/>\n<br \/>&#8211; Capacidad 10 litros<\/p>\n<p>&#8211; 100% algod\u00f3n<br \/>\n<br \/>&#8211; 9,14 &#8211; 11,80 oz\/yard\u00b2, 310 &#8211; 400 g\/m\u00b2<br \/>\n<br \/>&#8211; S\u00f3lo lavado a mano tibio<\/p>\n<p>Este producto se fabrica bajo demanda. Sin m\u00ednimos.<\/p>\n<\/div>\n<p><strong>Gu\u00eda de tallas<\/strong><\/p>\n<table>\n<tbody>\n<tr>\n<td>&nbsp;<\/td>\n<td><strong>Tama\u00f1os<\/strong><\/td>\n<\/tr>\n<tr>\n<td><strong>Mango (cm)<\/strong><\/td>\n<td>67<\/td>\n<\/tr>\n<tr>\n<td><strong>Ancho (cm)<\/strong><\/td>\n<td>38<\/td>\n<\/tr>\n<tr>\n<td><strong>Longitud (cm)<\/strong><\/td>\n<td>42<\/td>\n<\/tr>\n<\/tbody>\n<\/table>\n<table>\n<tbody>\n<tr>\n<td>&nbsp;<\/td>\n<td><strong>Tama\u00f1os<\/strong><\/td>\n<\/tr>\n<tr>\n<td><strong>Mango (pulgadas)<\/strong><\/td>\n<td>26.4<\/td>\n<\/tr>\n<tr>\n<td><strong>Ancho (pulgadas)<\/strong><\/td>\n<td>15<\/td>\n<\/tr>\n<tr>\n<td><strong>Longitud (pulgadas)<\/strong><\/td>\n<td>16.5<\/td>\n<\/tr>\n<\/tbody>\n<\/table>\n<p><strong>Instrucciones de cuidado<\/strong><\/p>\n<table>\n<tbody>\n<tr>\n<td>Lavar<\/td>\n<td>Lavar a m\u00e1quina con agua tibia (m\u00e1ximo 40 \u00b0C o 105 \u00b0F), lavar la prenda al rev\u00e9s con colores similares<\/td>\n<\/tr>\n<tr>\n<td>Secar en secadora<\/td>\n<td>Bajo<\/td>\n<\/tr>\n<tr>\n<td>Blanquear<\/td>\n<td>S\u00f3lo sin cloro<\/td>\n<\/tr>\n<tr>\n<td>Seco limpio<\/td>\n<td>No lavar en seco<\/td>\n<\/tr>\n<tr>\n<td>Hierro<\/td>\n<td>No planchar<\/td>\n<\/tr>\n<\/tbody>\n<\/table>\n","protected":false},"excerpt":{"rendered":"<p>Cubra todas sus necesidades de agarre y arranque con estas bolsas de mano premium de mango largo y al mismo tiempo tenga conciencia ecol\u00f3gica. Estas bolsas de mano premium cuentan con costuras reforzadas en las asas para mayor estabilidad. Tus dise\u00f1os \u00fanicos se destacar\u00e1n en estos bolsos tote de tela 100% algod\u00f3n. Cualquier blanco en [&hellip;]<\/p>\n","protected":false},"featured_media":14261,"comment_status":"open","ping_status":"closed","template":"","meta":[],"product_cat":[232,253],"product_tag":[],"_links":{"self":[{"href":"https:\/\/fineart4decor.com\/wp-json\/wp\/v2\/product\/14206"}],"collection":[{"href":"https:\/\/fineart4decor.com\/wp-json\/wp\/v2\/product"}],"about":[{"href":"https:\/\/fineart4decor.com\/wp-json\/wp\/v2\/types\/product"}],"replies":[{"embeddable":true,"href":"https:\/\/fineart4decor.com\/wp-json\/wp\/v2\/comments?post=14206"}],"wp:featuredmedia":[{"embeddable":true,"href":"https:\/\/fineart4decor.com\/wp-json\/wp\/v2\/media\/14261"}],"wp:attachment":[{"href":"https:\/\/fineart4decor.com\/wp-json\/wp\/v2\/media?parent=14206"}],"wp:term":[{"taxonomy":"product_cat","embeddable":true,"href":"https:\/\/fineart4decor.com\/wp-json\/wp\/v2\/product_cat?post=14206"},{"taxonomy":"product_tag","embeddable":true,"href":"https:\/\/fineart4decor.com\/wp-json\/wp\/v2\/product_tag?post=14206"}],"curies":[{"name":"wp","href":"https:\/\/api.w.org\/{rel}","templated":true}]}}