{"id":13871,"date":"2024-05-11T06:26:26","date_gmt":"2024-05-11T12:26:26","guid":{"rendered":"https:\/\/fineart4decor.com\/?post_type=product&#038;p=13871"},"modified":"2024-07-02T10:30:21","modified_gmt":"2024-07-02T16:30:21","slug":"womens-triblend-crewneck-t-shirt-next-level-6710","status":"publish","type":"product","link":"https:\/\/fineart4decor.com\/%product-slug%\/womens-triblend-crewneck-t-shirt-next-level-6710\/","title":{"rendered":"Tri\u010dka s potiskem -D\u00e1msk\u00e9 tri\u010dko Triblend s kulat\u00fdm v\u00fdst\u0159ihem | Next Level 6710"},"content":{"rendered":"<div class=\"column sixteen wide\">\n<div class=\"ui segment box-shadow-new\">\n<div class=\"segment-header\">\n<div class=\"main-content ng-star-inserted\">\n<div class=\"texts\">\n<h3 class=\"ng-star-inserted\">Popis<\/h3>\n<\/div>\n<\/div>\n<div class=\"segment-header-content\">Dop\u0159ejte si maxim\u00e1ln\u00ed pohodl\u00ed a bezvadn\u00fd st\u0159ih tohoto tri\u010dka, kter\u00e9 kombinuje \u00fatulnost s bezchybnou siluetou. Vyrobeno z trojit\u00e9 l\u00e1tkov\u00e9 sm\u011bsi polyesteru, \u010desan\u00e9 prstencov\u00e9 bavlny a um\u011bl\u00e9ho hedv\u00e1b\u00ed se m\u016f\u017ee pochlubit neuv\u011b\u0159iteln\u011b m\u011bkkou texturou spolu s v\u00fdjime\u010dn\u00fdm z\u00e1v\u011bsem, stre\u010dem a obnovou. Je tak\u00e9 postaven tak, aby vydr\u017eel zkou\u0161ku \u010dasu. Za\u017eijte ide\u00e1ln\u00ed z\u00e1klad \u0161atn\u00edku s n\u00e1dechem vintage kouzla.<\/div>\n<\/div>\n<div class=\"product-description\">\n<p><strong>Funkce:<\/strong>&nbsp;S overlockov\u00fdmi bo\u010dn\u00edmi \u0161vy, Self l\u00e1tkovou p\u00e1skou na rameno a krk, \u017eebrovan\u00fdm \u00fapletov\u00fdm l\u00edmcem se \u0161vem<\/p>\n<p><strong>V\u00fdroba:<\/strong>&nbsp;50% polyester, 25% \u010desan\u00e1 ringspun bavlna, 25% um\u011bl\u00e9 hedv\u00e1b\u00ed<\/p>\n<p>Tento produkt je vyroben na vy\u017e\u00e1d\u00e1n\u00ed. \u017d\u00e1dn\u00e1 minima.<\/p>\n<\/div>\n<div class=\"ui divider ng-star-inserted\">&nbsp;<\/div>\n<div class=\"product-uid-container ng-star-inserted\">\n<div class=\"product-uid-title\"><span data-lokalise=\"\" data-key=\"txt_product_uid\">Produkt UID<\/span><img decoding=\"async\" class=\"copy-icon\" title=\"Copy UID\" src=\"https:\/\/dashboard.gelato.com\/assets\/icons\/copy.svg\" alt=\"\" width=\"16\" height=\"16\"><\/div>\n<div class=\"product-uid-content\">apparel_product_gca_t-shirt_gsc_crewneck_gcu_womens_gqa_triblend_gsi_s_gco_heather-white_gpr_4-0_next-level_6710<\/div>\n<\/div>\n<\/div>\n<\/div>\n<div class=\"container\">\n<div class=\"ui segment box-shadow-new ng-star-inserted\">\n<div class=\"segment-header\">\n<div class=\"main-content ng-star-inserted\">\n<div class=\"texts\">\n<h3 class=\"ng-star-inserted\">Zna\u010dky<\/h3>\n<\/div>\n<\/div>\n<div class=\"segment-header-content\">Dal\u0161\u00ed \u00farove\u0148 6710<\/div>\n<\/div>\n<\/div>\n<div class=\"ui segment box-shadow-new ng-star-inserted\">\n<div class=\"segment-header\">\n<div class=\"main-content ng-star-inserted\">\n<div class=\"texts\">&nbsp;<\/div>\n<\/div>\n<\/div>\n<div class=\"ng-star-inserted\">\n<div class=\"segment-header\">\n<div class=\"main-content ng-star-inserted\">\n<div class=\"texts\">\n<h3 class=\"ng-star-inserted\">Pr\u016fvodce velikostmi<\/h3>\n<\/div>\n<\/div>\n<div class=\"segment-header-content\">&nbsp;<\/div>\n<\/div>\n<div class=\"size-guide\">\n<div class=\"size-guide-content\">\n<div class=\"size-guide-image ng-star-inserted\"><img decoding=\"async\" class=\"ui large image\" src=\"https:\/\/cdn.sanity.io\/images\/69l8b8xl\/production\/890405236ff0201fbea8a32715308a733974bd18-648x672.png\" alt=\"\" width=\"213\" height=\"221\" title=\"\"><\/div>\n<div class=\"size-guide-description ng-star-inserted\">\n<p><strong>A) D\u00e9lka<\/strong><\/p>\n<p>Um\u00edst\u011bte konec m\u011b\u0159ic\u00ed p\u00e1sky vedle l\u00edmce v horn\u00ed \u010d\u00e1sti ko\u0161ile (rameno s vysok\u00fdm bodem). Vyt\u00e1hn\u011bte p\u00e1sku na spodn\u00ed \u010d\u00e1st ko\u0161ile.<\/p>\n<p><strong>B) Polovi\u010dn\u00ed hrudn\u00edk<\/strong><\/p>\n<p>Polo\u017ete od\u011bv na rovn\u00fd povrch a zm\u011b\u0159te jej zleva doprava p\u0159es hrudn\u00edk, asi 2 cm pod pa\u017eemi.<\/p>\n<\/div>\n<\/div>\n<div class=\"tab-links-container ng-star-inserted\">\n<div>\n<div class=\"tab-links-container ng-star-inserted\">\n<div class=\"tab-link ng-star-inserted\">Metrick\u00e9 (cm)<\/div>\n<\/div>\n<table class=\"ui basic unstackable table ng-star-inserted\">\n<tbody>\n<tr class=\"ng-star-inserted\">\n<td class=\"right aligned bold sticky-column ng-star-inserted\">&nbsp;<\/td>\n<td class=\"right aligned bold ng-star-inserted\">S<\/td>\n<td class=\"right aligned bold ng-star-inserted\">M<\/td>\n<td class=\"right aligned bold ng-star-inserted\">L<\/td>\n<td class=\"right aligned bold ng-star-inserted\">XL<\/td>\n<td class=\"right aligned bold ng-star-inserted\">2XL<\/td>\n<\/tr>\n<tr class=\"ng-star-inserted\">\n<td class=\"bold sticky-column ng-star-inserted\">A) D\u00e9lka<\/td>\n<td class=\"right aligned ng-star-inserted\">64, 8 cm<\/td>\n<td class=\"right aligned ng-star-inserted\">66, 1 cm<\/td>\n<td class=\"right aligned ng-star-inserted\">67, 3 cm<\/td>\n<td class=\"right aligned ng-star-inserted\">68, 6 cm<\/td>\n<td class=\"right aligned ng-star-inserted\">69, 9 cm<\/td>\n<\/tr>\n<tr class=\"ng-star-inserted\">\n<td class=\"bold sticky-column ng-star-inserted\">B) Polovi\u010dn\u00ed hrudn\u00edk<\/td>\n<td class=\"right aligned ng-star-inserted\">40, 7 cm<\/td>\n<td class=\"right aligned ng-star-inserted\">43, 2 cm<\/td>\n<td class=\"right aligned ng-star-inserted\">45, 7 cm<\/td>\n<td class=\"right aligned ng-star-inserted\">49, 5 cm<\/td>\n<td class=\"right aligned ng-star-inserted\">53, 4 cm<\/td>\n<\/tr>\n<\/tbody>\n<\/table>\n<\/div>\n<div class=\"tab-link ng-star-inserted\">&nbsp;<\/div>\n<div class=\"tab-link active ng-star-inserted\">Imperial (palce)<\/div>\n<\/div>\n<table class=\"ui basic unstackable table ng-star-inserted\">\n<tbody>\n<tr class=\"ng-star-inserted\">\n<td class=\"right aligned bold sticky-column ng-star-inserted\">&nbsp;<\/td>\n<td class=\"right aligned bold ng-star-inserted\">S<\/td>\n<td class=\"right aligned bold ng-star-inserted\">M<\/td>\n<td class=\"right aligned bold ng-star-inserted\">L<\/td>\n<td class=\"right aligned bold ng-star-inserted\">XL<\/td>\n<td class=\"right aligned bold ng-star-inserted\">2XL<\/td>\n<\/tr>\n<tr class=\"ng-star-inserted\">\n<td class=\"bold sticky-column ng-star-inserted\">A) D\u00e9lka<\/td>\n<td class=\"right aligned ng-star-inserted\">25, 5&#8221;<\/td>\n<td class=\"right aligned ng-star-inserted\">26&#8221;<\/td>\n<td class=\"right aligned ng-star-inserted\">26, 5&#8221;<\/td>\n<td class=\"right aligned ng-star-inserted\">27&#8221;<\/td>\n<td class=\"right aligned ng-star-inserted\">27, 5&#8221;<\/td>\n<\/tr>\n<tr class=\"ng-star-inserted\">\n<td class=\"bold sticky-column ng-star-inserted\">B) Polovi\u010dn\u00ed hrudn\u00edk<\/td>\n<td class=\"right aligned ng-star-inserted\">16&#8221;<\/td>\n<td class=\"right aligned ng-star-inserted\">17&#8221;<\/td>\n<td class=\"right aligned ng-star-inserted\">18&#8221;<\/td>\n<td class=\"right aligned ng-star-inserted\">19, 5&#8221;<\/td>\n<td class=\"right aligned ng-star-inserted\">21&#8221;<\/td>\n<\/tr>\n<\/tbody>\n<\/table>\n<\/div>\n<\/div>\n<\/div>\n<div class=\"ui segment box-shadow-new ng-star-inserted\">\n<div class=\"segment-header\">\n<div class=\"main-content ng-star-inserted\">\n<div class=\"texts\">\n<h3>&nbsp;<\/h3>\n<h3 class=\"ng-star-inserted\">Styly<\/h3>\n<\/div>\n<\/div>\n<\/div>\n<div class=\"ng-star-inserted\">\n<p><b>\u0160t\u00edhl\u00fd st\u0159ih<\/b><\/p>\n<p>\u00dazk\u00fd \u0159ez, kter\u00fd obj\u00edm\u00e1 t\u011blo. L\u00e1tka se ze\u0161t\u00edhluje p\u0159es hrudn\u00edk a ramena a zv\u00fdraz\u0148uje stavbu t\u011bla<\/p>\n<\/div>\n<\/div>\n<div class=\"ui segment box-shadow-new ng-star-inserted\">\n<div class=\"segment-header\">\n<div class=\"main-content ng-star-inserted\">\n<div class=\"texts\">&nbsp;<\/div>\n<\/div>\n<\/div>\n<div class=\"highlight-column-bars ng-star-inserted\">\n<div class=\"ng-star-inserted\">\n<div class=\"highlight-column-bar\">\n<div class=\"highlight-column-bar-wrapper\">\n<div class=\"ui progress tiny\">\n<div class=\"label highlight-column-progress-text\">\n<div class=\"highlight-column-progress-right-text\">&nbsp;<\/div>\n<\/div>\n<\/div>\n<\/div>\n<\/div>\n<\/div>\n<\/div>\n<\/div>\n<div class=\"ui segment box-shadow-new ng-star-inserted\">\n<div class=\"segment-header\">\n<div class=\"main-content ng-star-inserted\">\n<div class=\"texts\">\n<h3 class=\"ng-star-inserted\">Speci\u00e1ln\u00ed funkce<\/h3>\n<\/div>\n<\/div>\n<\/div>\n<div class=\"ng-star-inserted\">\n<p><b>Bo\u010dn\u00ed \u0161vy<\/b><\/p>\n<p>V\u00fdjime\u010dn\u00e1 kvalita tisku, kter\u00e1 vydr\u017e\u00ed myt\u00ed a vynik\u00e1<\/p>\n<p><b>Odoln\u00e1 konstrukce<\/b><\/p>\n<p>Samopojiv\u00e1 tkanina<\/p>\n<p>&nbsp;<\/p>\n<\/div>\n<\/div>\n<div class=\"ui segment box-shadow-new ng-star-inserted\">\n<div class=\"segment-header\">\n<div class=\"main-content ng-star-inserted\">\n<div class=\"texts\">\n<h3 class=\"ng-star-inserted\">Pokyny pro p\u00e9\u010di<\/h3>\n<\/div>\n<\/div>\n<\/div>\n<ul class=\"instructions-list\">\n<li class=\"ng-star-inserted\">\n<div class=\"wrapper\">\n<div class=\"instruction-icon\"><img decoding=\"async\" src=\"https:\/\/cdn.sanity.io\/images\/69l8b8xl\/staging\/dbb225e7d85f4d7fd8fc3f3ae2a4ed0eb3418423-64x64.png\" alt=\"Wash\" title=\"\"><\/div>\n<div class=\"instruction-description-row\">\n<div class=\"instruction-title\">Um\u00fdt<\/div>\n<div class=\"instruction-description\">&nbsp;<\/div>\n<\/div>\n<\/div>\n<\/li>\n<li class=\"ng-star-inserted\">\n<div class=\"wrapper\">\n<div class=\"instruction-icon\"><img decoding=\"async\" src=\"https:\/\/cdn.sanity.io\/images\/69l8b8xl\/staging\/acc246a766fcbd7d5ec2f24368aec0dc04552fb4-64x64.png\" alt=\"Bleach\" title=\"\"><\/div>\n<div class=\"instruction-description-row\">\n<div class=\"instruction-title\">B\u011blidlo<\/div>\n<div class=\"instruction-description\">Neb\u011blit<\/div>\n<\/div>\n<\/div>\n<\/li>\n<li class=\"ng-star-inserted\">\n<div class=\"wrapper\">\n<div class=\"instruction-icon\"><img decoding=\"async\" src=\"https:\/\/cdn.sanity.io\/images\/69l8b8xl\/staging\/6b9d3ebab6cad57515426103d28e1e36af79d69a-64x64.png\" alt=\"Tumble Dry\" title=\"\"><\/div>\n<div class=\"instruction-description-row\">\n<div class=\"instruction-title\">Such\u00fd puml<\/div>\n<div class=\"instruction-description\">Nesu\u0161te v su\u0161i\u010dce<\/div>\n<\/div>\n<\/div>\n<\/li>\n<li class=\"ng-star-inserted\">\n<div class=\"wrapper\">\n<div class=\"instruction-icon\"><img decoding=\"async\" src=\"https:\/\/cdn.sanity.io\/images\/69l8b8xl\/production\/46d3af9878832a7acc99be2358a32b98c8cdd608-32x32.png\" alt=\"Iron\" title=\"\"><\/div>\n<div class=\"instruction-description-row\">\n<div class=\"instruction-title\">\u017delezo<\/div>\n<div class=\"instruction-description\">Ne\u017eehlete<\/div>\n<\/div>\n<\/div>\n<\/li>\n<li class=\"ng-star-inserted\">\n<div class=\"wrapper\">\n<div class=\"instruction-icon\"><img decoding=\"async\" src=\"https:\/\/cdn.sanity.io\/images\/69l8b8xl\/production\/0b910b04d4a35cf679fe4369962cf402848c7842-64x64.png\" alt=\"Dry Clean\" title=\"\"><\/div>\n<div class=\"instruction-description-row\">\n<div class=\"instruction-title\">Such\u00e9 \u010di\u0161t\u011bn\u00ed<\/div>\n<div class=\"instruction-description\">Ne\u010dist\u011bte suchem<\/div>\n<\/div>\n<\/div>\n<\/li>\n<\/ul>\n<\/div>\n<\/div>\n<div id=\"shipment-prices\" class=\"column sixteen wide ng-star-inserted flat-shipment-prices\">\n<div class=\"ui segment box-shadow-new\">\n<div class=\"regional-pricing-header\">&nbsp;<\/div>\n<div class=\"tabs\">\n<div class=\"tabs-row\">\n<div class=\"price-list-link-text\" data-lokalise=\"\" data-key=\"txt_full_price_list\">&nbsp;<\/div>\n<\/div>\n<div class=\"ui divider no-margin\">&nbsp;<\/div>\n<\/div>\n<\/div>\n<\/div>\n<div class=\"column sixteen wide ng-star-inserted\">\n<div class=\"ui segment box-shadow-new\">\n<div class=\"segment-header\">\n<div class=\"main-content ng-star-inserted\">\n<div class=\"texts\">\n<h3 class=\"ng-star-inserted\">V\u00fdroba<\/h3>\n<\/div>\n<\/div>\n<\/div>\n<div class=\"ui stackable grid\">\n<div class=\"eight wide column fulfilment-details\">\n<div class=\"fulfilment-description\"><b>Vyrobeno v 1 zemi<\/b><\/p>\n<p>It\u00e1lie.<\/p>\n<p><b>Poh\u00e1n\u011bno algoritmem<\/b>&nbsp;Zem\u011b pln\u011bn\u00ed pro ka\u017edou objedn\u00e1vku je pe\u010dliv\u011b vybr\u00e1na na\u0161\u00edm pokro\u010dil\u00fdm sm\u011brovac\u00edm algoritmem v dob\u011b objedn\u00e1vky.<\/p>\n<p>V\u00fdrobky jsou ve v\u011bt\u0161in\u011b p\u0159\u00edpad\u016f pln\u011bny v nejbli\u017e\u0161\u00edm v\u00fdrobn\u00edm centru. N\u011bkdy z d\u016fvod\u016f, jako je dostupnost z\u00e1sob, mohou b\u00fdt objedn\u00e1vky odesl\u00e1ny mezin\u00e1rodn\u011b, i kdy\u017e ve stejn\u00e9 zemi existuje centrum pln\u011bn\u00ed.<\/p><\/div>\n<\/div>\n<div>\n<div class=\"segment-header\">\n<div class=\"main-content ng-star-inserted\">\n<div class=\"texts\">\n<h3>&nbsp;<\/h3>\n<h3 class=\"ng-star-inserted\">Specifikace tisku<\/h3>\n<\/div>\n<\/div>\n<div class=\"segment-header-content\"><b>Potisk Direct To Garment<\/b><\/div>\n<\/div>\n<div class=\"ng-star-inserted\">\n<ul>\n<li>P\u0159edn\u00ed<\/li>\n<li>Zp\u011bt<\/li>\n<\/ul>\n<\/div>\n<\/div>\n<\/div>\n<\/div>\n<\/div>\n<div class=\"column sixteen wide ng-star-inserted\">\n<div id=\"sizeGuide\" class=\"ui segment box-shadow-new\">\n<div class=\"segment-header\">\n<div class=\"main-content ng-star-inserted\">\n<div class=\"texts\">&nbsp;<\/div>\n<\/div>\n<\/div>\n<div class=\"size-guide\">&nbsp;<\/div>\n<\/div>\n<\/div>\n","protected":false},"excerpt":{"rendered":"<p>Popis Dop\u0159ejte si maxim\u00e1ln\u00ed pohodl\u00ed a bezvadn\u00fd st\u0159ih tohoto tri\u010dka, kter\u00e9 kombinuje \u00fatulnost s bezchybnou siluetou. Vyrobeno z trojit\u00e9 l\u00e1tkov\u00e9 sm\u011bsi polyesteru, \u010desan\u00e9 prstencov\u00e9 bavlny a um\u011bl\u00e9ho hedv\u00e1b\u00ed se m\u016f\u017ee pochlubit neuv\u011b\u0159iteln\u011b m\u011bkkou texturou spolu s v\u00fdjime\u010dn\u00fdm z\u00e1v\u011bsem, stre\u010dem a obnovou. Je tak\u00e9 postaven tak, aby vydr\u017eel zkou\u0161ku \u010dasu. Za\u017eijte ide\u00e1ln\u00ed z\u00e1klad \u0161atn\u00edku s n\u00e1dechem [&hellip;]<\/p>\n","protected":false},"featured_media":17531,"comment_status":"open","ping_status":"closed","template":"","meta":[],"product_cat":[232,255,283],"product_tag":[],"_links":{"self":[{"href":"https:\/\/fineart4decor.com\/wp-json\/wp\/v2\/product\/13871"}],"collection":[{"href":"https:\/\/fineart4decor.com\/wp-json\/wp\/v2\/product"}],"about":[{"href":"https:\/\/fineart4decor.com\/wp-json\/wp\/v2\/types\/product"}],"replies":[{"embeddable":true,"href":"https:\/\/fineart4decor.com\/wp-json\/wp\/v2\/comments?post=13871"}],"wp:featuredmedia":[{"embeddable":true,"href":"https:\/\/fineart4decor.com\/wp-json\/wp\/v2\/media\/17531"}],"wp:attachment":[{"href":"https:\/\/fineart4decor.com\/wp-json\/wp\/v2\/media?parent=13871"}],"wp:term":[{"taxonomy":"product_cat","embeddable":true,"href":"https:\/\/fineart4decor.com\/wp-json\/wp\/v2\/product_cat?post=13871"},{"taxonomy":"product_tag","embeddable":true,"href":"https:\/\/fineart4decor.com\/wp-json\/wp\/v2\/product_tag?post=13871"}],"curies":[{"name":"wp","href":"https:\/\/api.w.org\/{rel}","templated":true}]}}